{"id":29,"date":"2016-03-22T18:55:20","date_gmt":"2016-03-22T18:55:20","guid":{"rendered":"http:\/\/oferta.zspczarnkow.edu.pl\/?page_id=29"},"modified":"2026-03-06T07:50:03","modified_gmt":"2026-03-06T06:50:03","slug":"zasadnicza-szkola-zawodowa","status":"publish","type":"page","link":"https:\/\/oferta.zsczarnkow.edu.pl\/?page_id=29","title":{"rendered":"Bran\u017cowa Szko\u0142a I Stopnia"},"content":{"rendered":"\t\t<div data-elementor-type=\"wp-page\" data-elementor-id=\"29\" class=\"elementor elementor-29\">\n\t\t\t\t<div class=\"elementor-element elementor-element-1100059 e-flex e-con-boxed e-con e-parent\" data-id=\"1100059\" data-element_type=\"container\">\n\t\t\t\t\t<div class=\"e-con-inner\">\n\t\t\t\t<div class=\"elementor-element elementor-element-f0e20e4 elementor-widget elementor-widget-text-editor\" data-id=\"f0e20e4\" data-element_type=\"widget\" data-widget_type=\"text-editor.default\">\n\t\t\t\t\t\t\t\t\t<p><span style=\"color: #333399;\">Kszta\u0142cimy w ka\u017cdym zawodzie, kt\u00f3ry istnieje na rynku.<\/span><br \/><span style=\"color: #333399;\">Mo\u017cliwo\u015b\u0107 realizacji zaj\u0119\u0107 praktycznych w szkole (CKZ) w zawodach:<\/span><\/p><ul><li><span style=\"color: #333399;\">sprzedawca,<\/span><\/li><li><span style=\"color: #333399;\">fryzjer,<\/span><\/li><li><span style=\"color: #333399;\">\u015blusarz.<\/span><\/li><\/ul><p><span style=\"color: #333399;\">Dzi\u0119ki wsp\u00f3\u0142pracy szko\u0142y z sieci\u0105 sklep\u00f3w \u017babka (Os. S\u0142oneczne 9b w Czarnkowie) uczniowie mogli uczestniczy\u0107 w zaj\u0119ciach praktycznych, dzi\u0119ki kt\u00f3rym poznaj\u0105 specyfik\u0119 pracy sprzedawcy, system funkcjonowania sklepu oraz mog\u0105 na bie\u017c\u0105co weryfikowa\u0107 zdobywan\u0105 wiedz\u0119 na zaj\u0119ciach z\u00a0 aktualnymi wymaganiami rynku pracy.\u00a0<\/span><\/p><p><span style=\"color: #333399;\">Oferujemy nauk\u0119 w KLASACH PATRONACKICH STEICO, SEAKING w zawodach:<\/span><\/p><ul><li><span style=\"color: #333399;\">elektryk,<\/span><\/li><li><span style=\"color: #333399;\">\u015blusarz,<\/span><\/li><li><span style=\"color: #333399;\">stolarz.<\/span><\/li><\/ul><p><span style=\"color: #333399;\">Uko\u0144czenie zaj\u0119\u0107 praktycznych w firmie STEICO sp. z o.o. umo\u017cliwia uzyskanie kwalifikacji uznawanych na polskim i niemieckim rynku pracy.<\/span><br \/><span style=\"color: #333399;\">W zawodzie \u015blusarz i operator obrabiarek skrawaj\u0105cych \u2013 mo\u017cliwo\u015b\u0107 odbycia zaj\u0119\u0107 praktycznych w Fabryce Sprz\u0119tu Okr\u0119towego Meblomor S.A. i ALCO \u2013 MOT.<\/span><br \/><span style=\"color: #333399;\">W zawodzie rolnik mo\u017cliwo\u015b\u0107 realizacji zaj\u0119\u0107 praktycznych w indywidualnych gospodarstwach.<\/span><br \/><span style=\"color: #333399;\">Okres nauczania: 3 lata.<\/span><br \/><span style=\"color: #333399;\">Uko\u0144czenie Bran\u017cowej Szko\u0142y I Stopnia umo\u017cliwia dalsze kszta\u0142cenie w liceum og\u00f3lnokszta\u0142c\u0105cym dla doros\u0142ych.<\/span><\/p><ul><li><span style=\"color: #333399;\"><a style=\"color: #333399;\" href=\"http:\/\/oferta.zsczarnkow.edu.pl\/wp-content\/uploads\/2016\/03\/podanie_do_szkoly_2021.pdf\">Podanie do szko\u0142y<\/a><\/span><\/li><li><span style=\"color: #333399;\"><a style=\"color: #333399;\" href=\"http:\/\/oferta.zsczarnkow.edu.pl\/wp-content\/uploads\/2020\/05\/Zobowi%C4%85zanie-pracodawcy.pdf\">Zobowi\u0105zanie pracodawcy<\/a><\/span><\/li><\/ul><p><span style=\"color: #333399;\">Skan dokument\u00f3w mo\u017cna przes\u0142a\u0107 na adres mailowy szko\u0142y <strong>sekretariat@zsczarnkow.edu.pl<\/strong><\/span><\/p>\t\t\t\t\t\t\t\t<\/div>\n\t\t\t\t\t<\/div>\n\t\t\t\t<\/div>\n\t\t\t\t<\/div>\n\t\t","protected":false},"excerpt":{"rendered":"<p>Kszta\u0142cimy w ka\u017cdym zawodzie, kt\u00f3ry istnieje na rynku.Mo\u017cliwo\u015b\u0107 realizacji zaj\u0119\u0107 praktycznych w szkole (CKZ) w zawodach: sprzedawca, fryzjer, \u015blusarz. Dzi\u0119ki wsp\u00f3\u0142pracy szko\u0142y z sieci\u0105 sklep\u00f3w \u017babka (Os. S\u0142oneczne 9b w Czarnkowie) uczniowie mogli uczestniczy\u0107 w zaj\u0119ciach praktycznych, dzi\u0119ki kt\u00f3rym poznaj\u0105 specyfik\u0119 pracy sprzedawcy, system funkcjonowania sklepu oraz mog\u0105 na bie\u017c\u0105co weryfikowa\u0107 zdobywan\u0105 wiedz\u0119 na zaj\u0119ciach [&hellip;]<\/p>\n","protected":false},"author":1,"featured_media":0,"parent":0,"menu_order":0,"comment_status":"closed","ping_status":"closed","template":"","meta":{"footnotes":""},"class_list":["post-29","page","type-page","status-publish","hentry"],"_links":{"self":[{"href":"https:\/\/oferta.zsczarnkow.edu.pl\/index.php?rest_route=\/wp\/v2\/pages\/29","targetHints":{"allow":["GET"]}}],"collection":[{"href":"https:\/\/oferta.zsczarnkow.edu.pl\/index.php?rest_route=\/wp\/v2\/pages"}],"about":[{"href":"https:\/\/oferta.zsczarnkow.edu.pl\/index.php?rest_route=\/wp\/v2\/types\/page"}],"author":[{"embeddable":true,"href":"https:\/\/oferta.zsczarnkow.edu.pl\/index.php?rest_route=\/wp\/v2\/users\/1"}],"replies":[{"embeddable":true,"href":"https:\/\/oferta.zsczarnkow.edu.pl\/index.php?rest_route=%2Fwp%2Fv2%2Fcomments&post=29"}],"version-history":[{"count":80,"href":"https:\/\/oferta.zsczarnkow.edu.pl\/index.php?rest_route=\/wp\/v2\/pages\/29\/revisions"}],"predecessor-version":[{"id":1084,"href":"https:\/\/oferta.zsczarnkow.edu.pl\/index.php?rest_route=\/wp\/v2\/pages\/29\/revisions\/1084"}],"wp:attachment":[{"href":"https:\/\/oferta.zsczarnkow.edu.pl\/index.php?rest_route=%2Fwp%2Fv2%2Fmedia&parent=29"}],"curies":[{"name":"wp","href":"https:\/\/api.w.org\/{rel}","templated":true}]}}