{"id":43,"date":"2016-03-22T21:47:40","date_gmt":"2016-03-22T21:47:40","guid":{"rendered":"http:\/\/oferta.zspczarnkow.edu.pl\/?page_id=43"},"modified":"2026-01-02T10:49:20","modified_gmt":"2026-01-02T09:49:20","slug":"regulamin-rekrutacji","status":"publish","type":"page","link":"https:\/\/oferta.zsczarnkow.edu.pl\/?page_id=43","title":{"rendered":"Kwalifikacyjne Kursy Zawodowe"},"content":{"rendered":"<p>Zesp\u00f3\u0142 Szk\u00f3\u0142 im. J\u00f3zefa Nojego w Czarnkowie prowadzi kwalifikacyjne kursy zawodowe dla wszystkich ch\u0119tnych, kt\u00f3rzy maj\u0105 uko\u0144czone 18 lat\u00a0 w nast\u0119puj\u0105cych kwalifikacjach:<\/p>\n<p>EKA.01\u00a0\u00a0\u00a0\u00a0\u00a0\u00a0\u00a0\u00a0 Obs\u0142uga klienta w jednostkach administracji (w zawodzie technik administracji)<\/p>\n<p>FRK.04\u00a0 \u00a0\u00a0\u00a0\u00a0\u00a0\u00a0 Wykonywanie zabieg\u00f3w kosmetycznych (w zawodzie technik us\u0142ug kosmetycznych)<\/p>\n<p>HAN.02 \u00a0\u00a0\u00a0\u00a0\u00a0\u00a0 Prowadzenie dzia\u0142a\u0144 handlowych (w zawodzie technik handlowiec)<\/p>\n<p>EKA.07\u00a0\u00a0\u00a0\u00a0\u00a0\u00a0\u00a0\u00a0 Prowadzenie rachunkowo\u015bci (w zawodzie technik rachunkowo\u015bci)<\/p>\n<p>SPL.05\u00a0 \u00a0\u00a0 \u00a0 \u00a0\u00a0 Organizacja transportu oraz obs\u0142uga klient\u00f3w i\u00a0kontrahent\u00f3w (w zawodzie technik spedytor)<\/p>\n","protected":false},"excerpt":{"rendered":"<p>Zesp\u00f3\u0142 Szk\u00f3\u0142 im. J\u00f3zefa Nojego w Czarnkowie prowadzi kwalifikacyjne kursy zawodowe dla wszystkich ch\u0119tnych, kt\u00f3rzy maj\u0105 uko\u0144czone 18 lat\u00a0 w nast\u0119puj\u0105cych kwalifikacjach: EKA.01\u00a0\u00a0\u00a0\u00a0\u00a0\u00a0\u00a0\u00a0 Obs\u0142uga klienta w jednostkach administracji (w zawodzie technik administracji) FRK.04\u00a0 \u00a0\u00a0\u00a0\u00a0\u00a0\u00a0 Wykonywanie zabieg\u00f3w kosmetycznych (w zawodzie technik us\u0142ug kosmetycznych) HAN.02 \u00a0\u00a0\u00a0\u00a0\u00a0\u00a0 Prowadzenie dzia\u0142a\u0144 handlowych (w zawodzie technik handlowiec) EKA.07\u00a0\u00a0\u00a0\u00a0\u00a0\u00a0\u00a0\u00a0 Prowadzenie rachunkowo\u015bci (w [&hellip;]<\/p>\n","protected":false},"author":2,"featured_media":0,"parent":0,"menu_order":0,"comment_status":"closed","ping_status":"closed","template":"template-full-width.php","meta":{"footnotes":""},"class_list":["post-43","page","type-page","status-publish","hentry"],"_links":{"self":[{"href":"https:\/\/oferta.zsczarnkow.edu.pl\/index.php?rest_route=\/wp\/v2\/pages\/43","targetHints":{"allow":["GET"]}}],"collection":[{"href":"https:\/\/oferta.zsczarnkow.edu.pl\/index.php?rest_route=\/wp\/v2\/pages"}],"about":[{"href":"https:\/\/oferta.zsczarnkow.edu.pl\/index.php?rest_route=\/wp\/v2\/types\/page"}],"author":[{"embeddable":true,"href":"https:\/\/oferta.zsczarnkow.edu.pl\/index.php?rest_route=\/wp\/v2\/users\/2"}],"replies":[{"embeddable":true,"href":"https:\/\/oferta.zsczarnkow.edu.pl\/index.php?rest_route=%2Fwp%2Fv2%2Fcomments&post=43"}],"version-history":[{"count":56,"href":"https:\/\/oferta.zsczarnkow.edu.pl\/index.php?rest_route=\/wp\/v2\/pages\/43\/revisions"}],"predecessor-version":[{"id":1039,"href":"https:\/\/oferta.zsczarnkow.edu.pl\/index.php?rest_route=\/wp\/v2\/pages\/43\/revisions\/1039"}],"wp:attachment":[{"href":"https:\/\/oferta.zsczarnkow.edu.pl\/index.php?rest_route=%2Fwp%2Fv2%2Fmedia&parent=43"}],"curies":[{"name":"wp","href":"https:\/\/api.w.org\/{rel}","templated":true}]}}