{"id":741,"date":"2024-02-27T14:19:26","date_gmt":"2024-02-27T13:19:26","guid":{"rendered":"https:\/\/oferta.zsczarnkow.edu.pl\/?page_id=741"},"modified":"2026-01-06T20:11:50","modified_gmt":"2026-01-06T19:11:50","slug":"szkola-policealna","status":"publish","type":"page","link":"https:\/\/oferta.zsczarnkow.edu.pl\/?page_id=741","title":{"rendered":"Szko\u0142a Policealna"},"content":{"rendered":"\n<p><\/p>\n\n\n\n<h3 class=\"wp-block-heading\">w zawodzie technik bezpiecze\u0144stwa i higieny pracy<\/h3>\n\n\n\n<p><strong>Kwalifikacja BPO.01 Zarz\u0105dzanie bezpiecze\u0144stwem w \u015brodowisku pracy<\/strong><\/p>\n\n\n\n<h3 class=\"wp-block-heading has-black-color has-text-color has-link-color has-medium-font-size wp-elements-9bf861eac57704728c21ac9b05e1d02b\" style=\"font-style:normal;font-weight:500\"><strong>dla absolwent\u00f3w <\/strong>technikum i liceum og\u00f3lnokszta\u0142c\u0105cego<\/h3>\n\n\n\n<p><strong>okres nauczania \u2013 1,5 <\/strong><\/p>\n\n\n\n<h5 class=\"wp-block-heading\"><a href=\"https:\/\/oferta.zsczarnkow.edu.pl\/wp-content\/uploads\/2023\/02\/podanie_do_szkoly_2023.pdf\"><\/a><\/h5>\n\n\n\n<figure class=\"wp-block-image size-full is-resized\"><img fetchpriority=\"high\" decoding=\"async\" width=\"300\" height=\"300\" src=\"https:\/\/oferta.zsczarnkow.edu.pl\/wp-content\/uploads\/2016\/03\/pdf-download-icon.png\" alt=\"\" class=\"wp-image-162\" style=\"width:104px;height:auto\" srcset=\"https:\/\/oferta.zsczarnkow.edu.pl\/wp-content\/uploads\/2016\/03\/pdf-download-icon.png 300w, https:\/\/oferta.zsczarnkow.edu.pl\/wp-content\/uploads\/2016\/03\/pdf-download-icon-150x150.png 150w\" sizes=\"(max-width: 300px) 100vw, 300px\" \/><\/figure>\n\n\n\n<h3 class=\"wp-block-heading\"><a href=\"https:\/\/oferta.zsczarnkow.edu.pl\/wp-content\/uploads\/2024\/02\/podanie_do_SzkoL_y-Policealnej.docx\">podanie do Szko\u0142y Policealnej<\/a><\/h3>\n","protected":false},"excerpt":{"rendered":"<p>w zawodzie technik bezpiecze\u0144stwa i higieny pracy Kwalifikacja BPO.01 Zarz\u0105dzanie bezpiecze\u0144stwem w \u015brodowisku pracy dla absolwent\u00f3w technikum i liceum og\u00f3lnokszta\u0142c\u0105cego okres nauczania \u2013 1,5 podanie do Szko\u0142y Policealnej<\/p>\n","protected":false},"author":2,"featured_media":0,"parent":0,"menu_order":0,"comment_status":"closed","ping_status":"closed","template":"template-full-width.php","meta":{"footnotes":""},"class_list":["post-741","page","type-page","status-publish","hentry"],"_links":{"self":[{"href":"https:\/\/oferta.zsczarnkow.edu.pl\/index.php?rest_route=\/wp\/v2\/pages\/741","targetHints":{"allow":["GET"]}}],"collection":[{"href":"https:\/\/oferta.zsczarnkow.edu.pl\/index.php?rest_route=\/wp\/v2\/pages"}],"about":[{"href":"https:\/\/oferta.zsczarnkow.edu.pl\/index.php?rest_route=\/wp\/v2\/types\/page"}],"author":[{"embeddable":true,"href":"https:\/\/oferta.zsczarnkow.edu.pl\/index.php?rest_route=\/wp\/v2\/users\/2"}],"replies":[{"embeddable":true,"href":"https:\/\/oferta.zsczarnkow.edu.pl\/index.php?rest_route=%2Fwp%2Fv2%2Fcomments&post=741"}],"version-history":[{"count":9,"href":"https:\/\/oferta.zsczarnkow.edu.pl\/index.php?rest_route=\/wp\/v2\/pages\/741\/revisions"}],"predecessor-version":[{"id":797,"href":"https:\/\/oferta.zsczarnkow.edu.pl\/index.php?rest_route=\/wp\/v2\/pages\/741\/revisions\/797"}],"wp:attachment":[{"href":"https:\/\/oferta.zsczarnkow.edu.pl\/index.php?rest_route=%2Fwp%2Fv2%2Fmedia&parent=741"}],"curies":[{"name":"wp","href":"https:\/\/api.w.org\/{rel}","templated":true}]}}