{"id":87,"date":"2016-03-23T19:28:09","date_gmt":"2016-03-23T19:28:09","guid":{"rendered":"http:\/\/oferta.zspczarnkow.edu.pl\/?page_id=87"},"modified":"2026-01-21T10:58:02","modified_gmt":"2026-01-21T09:58:02","slug":"rekrutacja-na-rok-szkolny-20162017","status":"publish","type":"page","link":"https:\/\/oferta.zsczarnkow.edu.pl\/?page_id=87","title":{"rendered":"REKRUTACJA"},"content":{"rendered":"<h2>\u00a0<\/h2>\n<h2 class=\"wp-block-heading\" style=\"text-align: center;\"><span style=\"color: #333399;\">Terminy post\u0119powania rekrutacyjnego i terminy sk\u0142adania dokument\u00f3w<\/span><\/h2>\n<ul>\n<li><span style=\"color: #333399;\"><strong>od 11 maja do 29 maja 2026 r. do godz. 15.00 \u2013 <\/strong>z\u0142o\u017cenie podania o przyj\u0119cie do szko\u0142y<\/span><\/li>\n<li><span style=\"color: #333399;\"><strong>od 26 czerwca do 7 lipca 2026 r. godz. 15.00 \u2013 <\/strong>uzupe\u0142nienie podania o za\u015bwiadczenie o wynikach egzaminu \u00f3smoklasisty i\u00a0 \u015bwiadectwo uko\u0144czenia szko\u0142y podstawowej<\/span><\/li>\n<li><span style=\"color: #333399;\"><strong style=\"font-size: revert;\">13<\/strong>\u00a0<strong style=\"font-size: revert;\">lipca 2026 r. godz. 12.00 \u2013 <\/strong><span style=\"font-size: revert;\">og\u0142oszenie listy kandydat\u00f3w zakwalifikowanych i kandydat\u00f3w niezakwalifikowanych<\/span><\/span><\/li>\n<li><span style=\"color: #333399;\"><strong style=\"font-size: revert;\">od 13 do 16 lipca 2026 r. godz. 13.00 \u2013 <\/strong><span style=\"font-size: revert;\">potwierdzenie woli przyj\u0119cia w postaci przed\u0142o\u017cenia orygina\u0142u \u015bwiadectwa i za\u015bwiadczenia o wynikach egzaminu zewn\u0119trznego<\/span><\/span><\/li>\n<li><span style=\"color: #333399;\"><strong style=\"font-size: revert;\">16<\/strong><\/span><span style=\"color: #ffffff;\"><strong style=\"font-size: revert;\">\u00a0<span style=\"color: #333399;\">lipca 2026 r. godz. 14.00 \u2013 <\/span><\/strong><span style=\"font-size: revert; color: #333399;\">og\u0142oszenie listy kandydat\u00f3w przyj\u0119tych i kandydat\u00f3w nieprzyj\u0119tych<\/span><\/span><\/li>\n<\/ul>\n<h4 class=\"wp-block-heading\"><span style=\"color: #333399;\">Wymagane dokumenty:<\/span><\/h4>\n<p><span style=\"font-family: arial, helvetica, sans-serif;\"><em><!-- \/wp:post-content --> <!-- wp:paragraph --><\/em><\/span><\/p>\n<p><em>\u2192 <span style=\"color: #333399;\">podanie,<\/span><\/em><br \/><em>\u2192 <span style=\"color: #333399;\">dwie fotografie (podpisane),<\/span><\/em><br \/><em>\u2192 <span style=\"color: #333399;\">za\u015bwiadczenie lekarskie o braku przeciwwskaza\u0144 do wykonywania wybranego zawodu,<\/span><\/em><br \/><em>\u2192 <span style=\"color: #333399;\">w przypadku m\u0142odocianych pracownik\u00f3w\u00a0\u2013 karta zg\u0142oszenia podpisana przez pracodawc\u0119,<\/span><\/em><br \/><em>\u2192 <span style=\"color: #333399;\">orygina\u0142 \u015bwiadectwa uko\u0144czenia szko\u0142y podstawowej, za\u015bwiadczenie o wynikach egzaminu \u00f3smoklasisty,<\/span><\/em><br \/><em>\u2192 <span style=\"color: #333399;\">orzeczenie Poradni Psychologiczno-Pedagogicznej (w przypadku jego posiadania),<\/span><\/em><br \/><em>\u2192 <span style=\"color: #333399;\">karta zdrowia,<\/span><\/em><br \/><em>\u2192 <span style=\"color: #333399;\">skr\u00f3cony odpis aktu urodzenia.<\/span><\/em><\/p>\n<p><span style=\"font-family: arial, helvetica, sans-serif; color: #1a38b0;\"><em><!-- \/wp:paragraph --> <!-- wp:paragraph --><\/em><\/span><\/p>\n<p><span style=\"color: #333399;\"><em>Dane kontaktowe:<\/em><\/span><br \/><span style=\"color: #333399;\"><em>Zesp\u00f3\u0142 Szk\u00f3\u0142 im. J\u00f3zefa Nojego w Czarnkowie<\/em><\/span><br \/><span style=\"color: #333399;\"><em>ul. Chodzieska 29, 64 -700 Czarnk\u00f3w<\/em><\/span><br \/><span style=\"color: #333399;\"><em>sekretariat@zsczarnkow.edu.pl<\/em><\/span><\/p>\n<p><span style=\"font-family: arial, helvetica, sans-serif; color: #1a38b0;\"><em><!-- \/wp:paragraph --><\/em><\/span><\/p>\n<h5><span style=\"color: #1a38b0;\"><a href=\"https:\/\/oferta.zsczarnkow.edu.pl\/wp-content\/uploads\/2023\/02\/podanie_do_szkoly_2023.pdf\"><img decoding=\"async\" class=\"\" src=\"https:\/\/oferta.zsczarnkow.edu.pl\/wp-content\/uploads\/2016\/03\/pdf-download-icon.png\" width=\"74\" height=\"74\" \/><\/a><a href=\"https:\/\/oferta.zsczarnkow.edu.pl\/wp-content\/uploads\/2023\/02\/podanie_do_szkoly_2023.pdf\" target=\"_blank\" rel=\"noopener\">\u00a0<\/a><\/span><span style=\"color: #333399;\"><em>Podanie do szko\u0142y dziennej (technikum, BSI)<\/em><\/span><\/h5>\n<h5><span style=\"color: #1a38b0;\"><em><span style=\"font-family: arial, helvetica, sans-serif;\"><a style=\"color: #1a38b0;\" href=\"https:\/\/oferta.zsczarnkow.edu.pl\/wp-content\/uploads\/2020\/05\/Zobowi\u0105zanie-pracodawcy.pdf\" target=\"_blank\" rel=\"noopener\"><img decoding=\"async\" class=\"\" src=\"https:\/\/oferta.zsczarnkow.edu.pl\/wp-content\/uploads\/2016\/03\/pdf-download-icon.png\" width=\"70\" height=\"70\" \/>Zobowi\u0105zanie pracodawcy &#8211; dotyczy kandydat\u00f3w do BSI<\/a><\/span><\/em><\/span><\/h5>\n<h5><span style=\"color: #1a38b0;\"><span style=\"font-family: arial, helvetica, sans-serif;\"><em><a style=\"color: #1a38b0;\" href=\"https:\/\/oferta.zsczarnkow.edu.pl\/wp-content\/uploads\/2020\/04\/Podanie-internatu_2020.pdf\" target=\"_blank\" rel=\"noopener\"><img decoding=\"async\" class=\"\" src=\"https:\/\/oferta.zsczarnkow.edu.pl\/wp-content\/uploads\/2016\/03\/pdf-download-icon.png\" width=\"67\" height=\"67\" \/><\/a><a href=\"https:\/\/oferta.zsczarnkow.edu.pl\/wp-content\/uploads\/2020\/04\/Podanie-internatu_2020.pdf\" target=\"_blank\" rel=\"noopener\">Podanie do internatu<\/a><\/em><\/span><\/span><\/h5>\n<h5><span style=\"color: #333399;\"><a style=\"color: #333399;\" href=\"https:\/\/oferta.zsczarnkow.edu.pl\/wp-content\/uploads\/2024\/02\/Podanie-do-LO-dla-Doroslych.docx\" target=\"_blank\" rel=\"noopener\"><span style=\"font-family: arial, helvetica, sans-serif;\"><em><img loading=\"lazy\" decoding=\"async\" class=\"\" src=\"https:\/\/oferta.zsczarnkow.edu.pl\/wp-content\/uploads\/2016\/03\/pdf-download-icon.png\" width=\"69\" height=\"69\" \/><\/em><\/span><\/a><a href=\"https:\/\/oferta.zsczarnkow.edu.pl\/wp-content\/uploads\/2025\/02\/Podanie-do-LO-dla-Doroslych_2025.pdf\" target=\"_blank\" rel=\"noopener\"><span style=\"font-family: arial, helvetica, sans-serif;\"><em>Podanie do szko\u0142y zaocznej (Liceum Og\u00f3lnokszta\u0142c\u0105ce dla Doros\u0142ych)<\/em><\/span><\/a><\/span><\/h5>\n<h5><span style=\"color: #1a38b0;\"><span style=\"font-family: arial, helvetica, sans-serif;\"><em><a style=\"color: #1a38b0;\" href=\"http:\/\/oferta.zspczarnkow.edu.pl\/wp-content\/uploads\/2020\/05\/podanie-KKZ-2020.pdf\" target=\"_blank\" rel=\"noopener\"><img loading=\"lazy\" decoding=\"async\" class=\"\" src=\"https:\/\/oferta.zsczarnkow.edu.pl\/wp-content\/uploads\/2016\/03\/pdf-download-icon.png\" width=\"61\" height=\"61\" \/><\/a><a href=\"https:\/\/oferta.zsczarnkow.edu.pl\/wp-content\/uploads\/2020\/05\/podanie-KKZ-2020.pdf\">Podanie na kwalifikacyjny kurs zawodowy<\/a><\/em><\/span><\/span><\/h5>\n<h5><span style=\"color: #333399;\"><em><img loading=\"lazy\" decoding=\"async\" class=\"\" src=\"https:\/\/oferta.zsczarnkow.edu.pl\/wp-content\/uploads\/2016\/03\/pdf-download-icon.png\" width=\"63\" height=\"63\" \/>Regulamin rekrutacji<\/em><\/span><\/h5>\n<h4><span style=\"color: #333399;\">Przedmioty wybrane do punktowania:<\/span><\/h4>\n<ul>\n<li><span style=\"color: #000080;\"><strong>TECHNIKUM w zawodzie technik ekonomista<\/strong> &#8211; j\u0119zyk polski, j\u0119zyk obcy, matematyka, informatyka;<\/span><\/li>\n<li><span style=\"color: #000080;\"><strong>TECHNIKUM w zawodzie technik logistyk<\/strong> &#8211; j\u0119zyk polski, j\u0119zyk obcy, matematyka, geografia;<\/span><\/li>\n<li><span style=\"color: #000080;\"><strong>TECHNIKUM w zawodzie technik mechatronik<\/strong> &#8211; j\u0119zyk polski, j\u0119zyk obcy, matematyka, fizyka;<\/span><\/li>\n<li><span style=\"color: #000080;\"><strong>TECHNIKUM w zawodzie technik reklamy<\/strong> &#8211; j\u0119zyk polski, j\u0119zyk obcy, matematyka, informatyka;<\/span><\/li>\n<li><span style=\"color: #000080;\"><strong>TECHNIKUM w zawodzie technik informatyk <\/strong>&#8211; j\u0119zyk polski, j\u0119zyk obcy, matematyka, informatyka;<\/span><\/li>\n<li><span style=\"color: #000080;\"><strong>TECHNIKUM w zawodzie technik handlowiec<\/strong> &#8211; j\u0119zyk polski, j\u0119zyk obcy, matematyka, informatyka;<\/span><\/li>\n<li><span style=\"color: #000080;\"><strong>TECHNIKUM w zawodzie technik spawalnictwa <\/strong>&#8211; j\u0119zyk polski, j\u0119zyk obcy, matematyka, informatyka;<\/span><\/li>\n<li><span style=\"color: #000080;\"><strong>TECHNIKUM w zawodzie technik \u017cywienia i us\u0142ug gastronomicznych<\/strong> &#8211; j\u0119zyk polski, j\u0119zyk obcy, matematyka, biologia;<\/span><\/li>\n<li><span style=\"color: #333399;\"><strong>Bran\u017cowa Szko\u0142a I Stopnia<\/strong> \u2013 j\u0119zyk polski, j\u0119zyk obcy, matematyka, informatyka.<\/span><\/li>\n<\/ul>\n<table style=\"height: 1446px;\" width=\"972\">\n<tbody>\n<tr>\n<td width=\"37\"><strong>Lp<\/strong><\/td>\n<td width=\"406\"><span style=\"color: #333399;\"><strong>Przedmioty, osi\u0105gni\u0119cia przeliczane na punkty<\/strong><\/span><\/td>\n<td width=\"85\"><span style=\"color: #333399;\"><strong>Punktacja<\/strong><\/span><\/td>\n<td width=\"76\"><span style=\"color: #333399;\"><strong>Razem<\/strong><\/span><\/td>\n<\/tr>\n<tr>\n<td width=\"37\"><span style=\"color: #333399;\">1.<\/span><\/td>\n<td width=\"406\"><span style=\"color: #333399;\">Liczbowo okre\u015blona <strong>ocena z\u00a0j\u0119zyka polskiego<\/strong><\/span><br \/><span style=\"color: #333399;\"><em>celuj\u0105cy &#8211; 18 pkt., bardzo dobry &#8211; 17 pkt., dobry &#8211; 14 pkt.,\u00a0 <\/em><em>dostateczny &#8211; 8 pkt., dopuszczaj\u0105cy &#8211; 2 pkt.<\/em><\/span><\/td>\n<td width=\"85\"><span style=\"color: #333399;\">max 18<\/span><br \/><span style=\"color: #333399;\">punkt\u00f3w<\/span><\/td>\n<td rowspan=\"7\" width=\"76\"><span style=\"color: #333399;\">max 100 punkt\u00f3w<\/span><\/td>\n<\/tr>\n<tr>\n<td width=\"37\"><span style=\"color: #333399;\">2.<\/span><\/td>\n<td width=\"406\"><span style=\"color: #333399;\">Liczbowo okre\u015blona <strong>ocena z\u00a0obowi\u0105zkowego j\u0119zyka obcego<\/strong><\/span><br \/><span style=\"color: #333399;\"><em>celuj\u0105cy- 18 pkt., bardzo dobry- 17 pkt., dobry &#8211; 14 pkt.,\u00a0<\/em><em>dostateczny &#8211; 8 pkt., dopuszczaj\u0105cy &#8211; 2 pkt.<\/em><\/span><\/td>\n<td width=\"85\"><span style=\"color: #333399;\">max 18punkt\u00f3w<\/span><\/td>\n<\/tr>\n<tr>\n<td width=\"37\"><span style=\"color: #333399;\">3.<\/span><\/td>\n<td width=\"406\"><span style=\"color: #333399;\">Liczbowo okre\u015blona <strong>ocena z\u00a0matematyki<\/strong><\/span><br \/><span style=\"color: #333399;\"><em>celuj\u0105cy- 18 pkt., bardzo dobry- 17 pkt., dobry &#8211; 14 pkt., <\/em><em>dostateczny- 8 pkt., dopuszczaj\u0105cy &#8211; 2 pkt.<\/em><\/span><\/td>\n<td width=\"85\"><span style=\"color: #333399;\">max 18punkt\u00f3w<\/span><\/td>\n<\/tr>\n<tr>\n<td width=\"37\"><span style=\"color: #333399;\">4.<\/span><\/td>\n<td width=\"406\"><span style=\"color: #333399;\">Liczbowo okre\u015blona <strong>ocena z\u00a0przedmiotu obowi\u0105zkowego wskazanego przez dyrektora szko\u0142y<\/strong><\/span><br \/><span style=\"color: #333399;\"><em>celuj\u0105cy- 18 pkt., bardzo dobry &#8211; 17 pkt., dobry &#8211; 14 pkt.,\u00a0 <\/em><em>dostateczny &#8211; 8 pkt., dopuszczaj\u0105cy &#8211; 2 pkt.<\/em><\/span><\/td>\n<td width=\"85\"><span style=\"color: #333399;\">max 18punkt\u00f3w<\/span><\/td>\n<\/tr>\n<tr>\n<td width=\"37\"><span style=\"color: #333399;\">5.<\/span><\/td>\n<td width=\"406\"><span style=\"color: #333399;\">\u015awiadectwo z\u00a0wyr\u00f3\u017cnieniem.<\/span><\/td>\n<td width=\"85\"><span style=\"color: #333399;\">7 punkt\u00f3w<\/span><\/td>\n<\/tr>\n<tr>\n<td width=\"37\"><span style=\"color: #333399;\">6.<\/span><\/td>\n<td width=\"406\"><span style=\"color: #333399;\">Aktywno\u015bci kandydata\u00a0na rzecz innych ludzi lub \u015brodowiska szkolnego, zw\u0142aszcza w\u00a0formie wolontariatu.<\/span><\/td>\n<td width=\"85\"><span style=\"color: #333399;\">3 punkty<\/span><\/td>\n<\/tr>\n<tr>\n<td width=\"37\"><span style=\"color: #333399;\">7.<\/span><\/td>\n<td width=\"406\"><span style=\"color: #333399;\">Dodatkowe osi\u0105gni\u0119cia.<\/span><\/td>\n<td width=\"85\"><span style=\"color: #333399;\">18 punkt\u00f3w<\/span><\/td>\n<\/tr>\n<tr>\n<td width=\"37\"><span style=\"color: #333399;\">8.<\/span><\/td>\n<td width=\"406\"><span style=\"color: #333399;\">Egzamin \u00f3smoklasisty:<strong>1)\u00a0\u00a0\u00a0\u00a0\u00a0\u00a0 <\/strong>Wynik z j\u0119zyka polskiego (max 100%=35 pkt., wynik egzaminu mno\u017cy si\u0119 przez 0,35)<\/span><span style=\"color: #333399;\"><strong>2)\u00a0\u00a0\u00a0\u00a0\u00a0\u00a0 <\/strong>Wynik matematyki (max100%=35 pkt, wynik egzaminu mno\u017cy si\u0119 przez 0,35)<\/span><span style=\"color: #333399;\"><strong>3)\u00a0\u00a0\u00a0\u00a0\u00a0\u00a0 <\/strong>Wynik z j\u0119zyka obcego nowo\u017cytnego(max 100%=30 pkt., wynik egzaminu mno\u017cy si\u0119 przez 0,3)<\/span><\/td>\n<td width=\"85\"><span style=\"color: #333399;\">max 35 punkt\u00f3w <\/span><span style=\"color: #333399;\">max 35 punkt\u00f3w <\/span><span style=\"color: #333399;\">max 30 punkt\u00f3w<\/span><\/td>\n<td width=\"76\"><span style=\"color: #333399;\">max 100 punkt\u00f3w<\/span><\/td>\n<\/tr>\n<tr>\n<td colspan=\"4\" width=\"604\"><span style=\"color: #333399;\"><strong>MAKSYMALNA LICZBA PUNKT\u00d3W MO\u017bLIWYCH DO UZYSKANIA<br \/>PRZEZ KANDYDATA\u00a0 200 PKT.<\/strong><\/span><\/td>\n<\/tr>\n<\/tbody>\n<\/table>\n\n<!-- wp:paragraph -->\n<p><\/p>\n<!-- \/wp:paragraph -->","protected":false},"excerpt":{"rendered":"<p>\u00a0 Terminy post\u0119powania rekrutacyjnego i terminy sk\u0142adania dokument\u00f3w od 11 maja do 29 maja 2026 r. do godz. 15.00 \u2013 z\u0142o\u017cenie podania o przyj\u0119cie do szko\u0142y od 26 czerwca do 7 lipca 2026 r. godz. 15.00 \u2013 uzupe\u0142nienie podania o za\u015bwiadczenie o wynikach egzaminu \u00f3smoklasisty i\u00a0 \u015bwiadectwo uko\u0144czenia szko\u0142y podstawowej 13\u00a0lipca 2026 r. godz. 12.00 [&hellip;]<\/p>\n","protected":false},"author":2,"featured_media":0,"parent":0,"menu_order":0,"comment_status":"closed","ping_status":"closed","template":"template-full-width.php","meta":{"footnotes":""},"class_list":["post-87","page","type-page","status-publish","hentry"],"_links":{"self":[{"href":"https:\/\/oferta.zsczarnkow.edu.pl\/index.php?rest_route=\/wp\/v2\/pages\/87","targetHints":{"allow":["GET"]}}],"collection":[{"href":"https:\/\/oferta.zsczarnkow.edu.pl\/index.php?rest_route=\/wp\/v2\/pages"}],"about":[{"href":"https:\/\/oferta.zsczarnkow.edu.pl\/index.php?rest_route=\/wp\/v2\/types\/page"}],"author":[{"embeddable":true,"href":"https:\/\/oferta.zsczarnkow.edu.pl\/index.php?rest_route=\/wp\/v2\/users\/2"}],"replies":[{"embeddable":true,"href":"https:\/\/oferta.zsczarnkow.edu.pl\/index.php?rest_route=%2Fwp%2Fv2%2Fcomments&post=87"}],"version-history":[{"count":153,"href":"https:\/\/oferta.zsczarnkow.edu.pl\/index.php?rest_route=\/wp\/v2\/pages\/87\/revisions"}],"predecessor-version":[{"id":1060,"href":"https:\/\/oferta.zsczarnkow.edu.pl\/index.php?rest_route=\/wp\/v2\/pages\/87\/revisions\/1060"}],"wp:attachment":[{"href":"https:\/\/oferta.zsczarnkow.edu.pl\/index.php?rest_route=%2Fwp%2Fv2%2Fmedia&parent=87"}],"curies":[{"name":"wp","href":"https:\/\/api.w.org\/{rel}","templated":true}]}}