{"id":90,"date":"2016-03-23T19:30:18","date_gmt":"2016-03-23T19:30:18","guid":{"rendered":"http:\/\/oferta.zspczarnkow.edu.pl\/?page_id=90"},"modified":"2026-01-23T13:38:21","modified_gmt":"2026-01-23T12:38:21","slug":"dlaczego-warto-wybrac-gorke","status":"publish","type":"page","link":"https:\/\/oferta.zsczarnkow.edu.pl\/?page_id=90","title":{"rendered":"Dlaczego &#8222;G\u00f3rka&#8221;?"},"content":{"rendered":"<ul>\n<li><span style=\"color: #333399;\">posiadamy nowoczesne pracownie przedmiotowe zar\u00f3wno do kszta\u0142cenia og\u00f3lnego jak i zawodowego,<\/span><\/li>\n<li><span style=\"color: #333399;\">szko\u0142a wyposa\u017cona jest w centrum biblioteczne, Orlik wraz z kompleksem boisk oraz dwie sale gimnastyczne,<\/span><\/li>\n<li><span style=\"color: #333399;\">w trakcie nauki uczniowie maj\u0105 mo\u017cliwo\u015b\u0107 uko\u0144czy\u0107 kurs 1kV oraz kurs obs\u0142ugi w\u00f3zk\u00f3w wid\u0142owych,<\/span><\/li>\n<li><span style=\"color: #333399;\">w ramach projekt\u00f3w edukacyjnych uczniowie odbywaj\u0105 ponadprogramowe p\u0142atne sta\u017ce w kraju i za granic\u0105,<\/span><\/li>\n<li><span style=\"color: #333399;\">tylko u nas uczniowie podczas zaj\u0119\u0107 korzystaj\u0105 z wyj\u0105tkowej \u015bcie\u017cki edukacyjnej wzbogaconej o najwi\u0119kszy w regionie zewn\u0119trzny uk\u0142ad okresowy pierwiastk\u00f3w,<\/span><\/li>\n<li><span style=\"color: #333399;\">uczniowie mog\u0105 rozwija\u0107 swoje pasje i zainteresowania na zaj\u0119ciach pozalekcyjnych,<\/span><\/li>\n<li><span style=\"color: #333399;\">udzia\u0142 w innowacjach pedagogicznych pozwala uczniom na nauk\u0119 poprzez dzia\u0142anie, eksperymentowanie i tw\u00f3rcze rozwi\u0105zywanie problem\u00f3w oraz zdobywanie do\u015bwiadcze\u0144 wykraczaj\u0105cych poza tradycyjne zaj\u0119cia lekcyjne,<\/span><\/li>\n<li><span style=\"color: #333399;\">do dyspozycji uczni\u00f3w pozostaje internat wyposa\u017cony w funkcjonalne pokoje dwuosobowe.<\/span><\/li>\n<\/ul>\n<hr \/>\n<h3 style=\"text-align: justify;\"><span style=\"color: #333399;\">Baza szko\u0142y pozwala na prowadzenie zaj\u0119\u0107 w systemie jednozmianowym &#8211; zako\u0144czenie zaj\u0119\u0107 o 14:40.<\/span><\/h3>\n<hr \/>\n<h3 style=\"text-align: justify;\"><span style=\"color: #333399;\">SUKCESY ZAWODOWE SZKO\u0141Y, TYTU\u0141Y I CERTYFIKATY:<\/span><\/h3>\n<h4><span style=\"color: #333399;\">\u2192 Szko\u0142a dla pracodawc\u00f3w, pracodawcy dla szko\u0142y<\/span><\/h4>\n<h4><span style=\"color: #333399;\">\u2192 Br\u0105zowa Tarcza Technikum w og\u00f3lnopolskim rankingu Perspektywy\u00a0<\/span><\/h4>\n<h4><span style=\"color: #333399;\">\u2192 Wielkopolska Szko\u0142a Roku<\/span><\/h4>\n<h4><span style=\"color: #333399;\">\u2192 Odznaka Honorowa za zas\u0142ugi dla Wojew\u00f3dztwa Wielkopolskiego<\/span><\/h4>\n<h4><span style=\"color: #333399;\">\u2192 Znak Jako\u015bci Inter@klasa<\/span><\/h4>\n<h4><span style=\"color: #333399;\">\u2192 Certyfikat akredytacji Polskiej Sieci Kszta\u0142cenia Modu\u0142owego<\/span><\/h4>\n<h4><span style=\"color: #333399;\">\u2192 Mi\u0119dzynarodowy certyfikat VCC (Vocational Competence Certyficate)<\/span><\/h4>\n<h4><span style=\"color: #333399;\">\u2192 Certyfikat Wiarygodne Technikum<\/span><\/h4>\n<h4><span style=\"color: #333399;\">\u2192 Tytu\u0142 \u201enajaktywniejszej szko\u0142y w programie \u201eDzie\u0144 Przedsi\u0119biorczo\u015bci\u201d<\/span><\/h4>\n<h4><span style=\"color: #333399;\">\u2192 Tytu\u0142 \u201eSrebrny Wilk\u201d i Certyfikat MT&amp;DC<\/span><\/h4>\n<h4><span style=\"color: #333399;\">\u2192 Olimpiada Kreatywno\u015bci &#8211; laureaci oraz Finali\u015bci w etapie centralnym<\/span><\/h4>\n<h4><span style=\"color: #333399;\">\u2192 Olimpiada Innowacji Technicznych i Wynalazczo\u015bci \u2013 Blok A: Kategoria R \u2013 pomys\u0142 techniczny (3 miejsce w finale centralnym)<\/span><\/h4>\n<h4><span style=\"color: #333399;\">\u2192 Olimpiada Innowacji Technicznych i Wynalazczo\u015bci \u2013 Blok B (5 miejsce w finale centralnym)<\/span><\/h4>\n<h4><span style=\"color: #333399;\">\u2192 I Olimpiada Inicjatyw Spo\u0142ecznych \u201eZwolnieni z teorii\u201d &#8211; Projekt \u201eAnio\u0142owie \u017bycia\u201d (2 miejsce w finale centralnym)<\/span><\/h4>\n<h4><span style=\"color: #333399;\">\u2192 VIII Og\u00f3lnopolski Konkurs Wiedzy o Ergonomii i Bezpiecze\u0144stwie Pracy w Rolnictwie (udzia\u0142 w finale centralnym)<\/span><\/h4>\n<h4><span style=\"color: #333399;\">\u2192 Najlepsza Szko\u0142a Kszta\u0142c\u0105ca w zawodzie WIR w Poznaniu<\/span><\/h4>\n<h4><span style=\"color: #333399;\">\u2192 grupa laureat\u00f3w i finalist\u00f3w olimpiad przedmiotowych z listy MEN (w ostatnich latach ponad 20 uprawnie\u0144 do zwolnienia z cz\u0119\u015bci egzaminu zawodowego), przede wszystkim w Olimpiadzie Innowacji Technicznych i Wynalazczo\u015bci,<\/span><\/h4>\n<h4><span style=\"color: #333399;\">\u2192 uczniowie indywidualnie wygrywali fina\u0142y centralne, w tym s\u0105: laureaci I miejsca w roku 2015 i 2017, w roku 2013 \u2013 trzeciego miejsca i II miejsca zespo\u0142owo w roku 2017. Wcze\u015bniej w kat. blok B uzyskali I miejsce zespo\u0142owo w regionie oraz indywidualnie 1 miejsce w okr\u0119gu w latach: 2012, 2013, 2014, 2015, 2016, II miejsce w roku 2017.<\/span><\/h4>\n<p>\u00a0<\/p>\n<h4 style=\"text-align: justify;\">\u00a0<\/h4>\n\n\n<p>&nbsp;<\/p>\n","protected":false},"excerpt":{"rendered":"<p>posiadamy nowoczesne pracownie przedmiotowe zar\u00f3wno do kszta\u0142cenia og\u00f3lnego jak i zawodowego, szko\u0142a wyposa\u017cona jest w centrum biblioteczne, Orlik wraz z kompleksem boisk oraz dwie sale gimnastyczne, w trakcie nauki uczniowie maj\u0105 mo\u017cliwo\u015b\u0107 uko\u0144czy\u0107 kurs 1kV oraz kurs obs\u0142ugi w\u00f3zk\u00f3w wid\u0142owych, w ramach projekt\u00f3w edukacyjnych uczniowie odbywaj\u0105 ponadprogramowe p\u0142atne sta\u017ce w kraju i za granic\u0105, tylko [&hellip;]<\/p>\n","protected":false},"author":2,"featured_media":0,"parent":0,"menu_order":0,"comment_status":"closed","ping_status":"closed","template":"template-full-width.php","meta":{"footnotes":""},"class_list":["post-90","page","type-page","status-publish","hentry"],"_links":{"self":[{"href":"https:\/\/oferta.zsczarnkow.edu.pl\/index.php?rest_route=\/wp\/v2\/pages\/90","targetHints":{"allow":["GET"]}}],"collection":[{"href":"https:\/\/oferta.zsczarnkow.edu.pl\/index.php?rest_route=\/wp\/v2\/pages"}],"about":[{"href":"https:\/\/oferta.zsczarnkow.edu.pl\/index.php?rest_route=\/wp\/v2\/types\/page"}],"author":[{"embeddable":true,"href":"https:\/\/oferta.zsczarnkow.edu.pl\/index.php?rest_route=\/wp\/v2\/users\/2"}],"replies":[{"embeddable":true,"href":"https:\/\/oferta.zsczarnkow.edu.pl\/index.php?rest_route=%2Fwp%2Fv2%2Fcomments&post=90"}],"version-history":[{"count":29,"href":"https:\/\/oferta.zsczarnkow.edu.pl\/index.php?rest_route=\/wp\/v2\/pages\/90\/revisions"}],"predecessor-version":[{"id":1070,"href":"https:\/\/oferta.zsczarnkow.edu.pl\/index.php?rest_route=\/wp\/v2\/pages\/90\/revisions\/1070"}],"wp:attachment":[{"href":"https:\/\/oferta.zsczarnkow.edu.pl\/index.php?rest_route=%2Fwp%2Fv2%2Fmedia&parent=90"}],"curies":[{"name":"wp","href":"https:\/\/api.w.org\/{rel}","templated":true}]}}